{"id":1136,"date":"2025-09-23T07:25:00","date_gmt":"2025-09-23T07:25:00","guid":{"rendered":"https:\/\/saragahet.com\/?page_id=1136"},"modified":"2025-10-29T13:12:10","modified_gmt":"2025-10-29T13:12:10","slug":"sobre-mi","status":"publish","type":"page","link":"https:\/\/saragahet.com\/es\/sobre-mi\/","title":{"rendered":"Sobre mi"},"content":{"rendered":"\t\t<div data-elementor-type=\"wp-page\" data-elementor-id=\"1136\" class=\"elementor elementor-1136\" data-elementor-post-type=\"page\">\n\t\t\t\t<div class=\"elementor-element elementor-element-114056b e-flex e-con-boxed e-con e-parent\" data-id=\"114056b\" data-element_type=\"container\" data-e-type=\"container\" data-settings=\"{&quot;background_background&quot;:&quot;classic&quot;}\">\n\t\t\t\t\t<div class=\"e-con-inner\">\n\t\t\t\t<div class=\"elementor-element elementor-element-0fbd9f7 elementor-invisible elementor-widget elementor-widget-heading\" data-id=\"0fbd9f7\" data-element_type=\"widget\" data-e-type=\"widget\" data-settings=\"{&quot;_animation&quot;:&quot;zoomIn&quot;}\" data-widget_type=\"heading.default\">\n\t\t\t\t\t<h2 class=\"elementor-heading-title elementor-size-default\">Sobre mi<\/h2>\t\t\t\t<\/div>\n\t\t\t\t\t<\/div>\n\t\t\t\t<\/div>\n\t\t<div class=\"elementor-element elementor-element-eb69008 e-flex e-con-boxed e-con e-parent\" data-id=\"eb69008\" data-element_type=\"container\" data-e-type=\"container\">\n\t\t\t\t\t<div class=\"e-con-inner\">\n\t\t<div class=\"elementor-element elementor-element-13ea5ca e-con-full e-flex e-con e-child\" data-id=\"13ea5ca\" data-element_type=\"container\" data-e-type=\"container\">\n\t\t\t\t<div class=\"elementor-element elementor-element-e573754 elementor-widget elementor-widget-image\" data-id=\"e573754\" data-element_type=\"widget\" data-e-type=\"widget\" data-widget_type=\"image.default\">\n\t\t\t\t\t\t\t\t\t\t\t\t\t\t\t<img fetchpriority=\"high\" decoding=\"async\" width=\"800\" height=\"800\" src=\"https:\/\/saragahet.com\/wp-content\/uploads\/2025\/10\/FOTOS-PERSONA-FISICA-SARA-GAHET-9.jpg\" class=\"attachment-large size-large wp-image-1218\" alt=\"\" srcset=\"https:\/\/saragahet.com\/wp-content\/uploads\/2025\/10\/FOTOS-PERSONA-FISICA-SARA-GAHET-9.jpg 1024w, https:\/\/saragahet.com\/wp-content\/uploads\/2025\/10\/FOTOS-PERSONA-FISICA-SARA-GAHET-9-300x300.jpg 300w, https:\/\/saragahet.com\/wp-content\/uploads\/2025\/10\/FOTOS-PERSONA-FISICA-SARA-GAHET-9-150x150.jpg 150w, https:\/\/saragahet.com\/wp-content\/uploads\/2025\/10\/FOTOS-PERSONA-FISICA-SARA-GAHET-9-768x768.jpg 768w, https:\/\/saragahet.com\/wp-content\/uploads\/2025\/10\/FOTOS-PERSONA-FISICA-SARA-GAHET-9-12x12.jpg 12w\" sizes=\"(max-width: 800px) 100vw, 800px\" \/>\t\t\t\t\t\t\t\t\t\t\t\t\t\t\t<\/div>\n\t\t\t\t<\/div>\n\t\t<div class=\"elementor-element elementor-element-e29ea43 e-con-full e-flex e-con e-child\" data-id=\"e29ea43\" data-element_type=\"container\" data-e-type=\"container\">\n\t\t\t\t<div class=\"elementor-element elementor-element-ce1c129 elementor-widget elementor-widget-heading\" data-id=\"ce1c129\" data-element_type=\"widget\" data-e-type=\"widget\" data-widget_type=\"heading.default\">\n\t\t\t\t\t<h2 class=\"elementor-heading-title elementor-size-default\">SARA GAHET<\/h2>\t\t\t\t<\/div>\n\t\t\t\t<div class=\"elementor-element elementor-element-3b64527 elementor-widget elementor-widget-text-editor\" data-id=\"3b64527\" data-element_type=\"widget\" data-e-type=\"widget\" data-widget_type=\"text-editor.default\">\n\t\t\t\t\t\t\t\t\t<p style=\"text-align: center;\" data-start=\"272\" data-end=\"616\">Soy una persona comprometida con el <strong>bienestar de los dem\u00e1s<\/strong> y firmemente convencida de que el verdadero \u00e9xito se mide por el impacto positivo que generamos en la vida de quienes nos rodean.<\/p><p style=\"text-align: center;\" data-start=\"272\" data-end=\"616\">A lo largo de mi trayectoria, me he enfocado en brindar apoyo genuino a cada persona que conf\u00eda en m\u00ed, gui\u00e1ndola con <strong>dedicaci\u00f3n, empat\u00eda y profesionalismo.<\/strong><\/p><p style=\"text-align: center;\" data-start=\"618\" data-end=\"961\">Mi mayor logro no se encuentra en cifras ni en reconocimientos, sino en la satisfacci\u00f3n de mis clientes. <span style=\"text-decoration: underline;\"><strong>Verlos alcanzar sus metas personales y econ\u00f3micas es, sin duda, la mayor recompensa a mi trabajo.<\/strong><\/span> Cada resultado conseguido por ellos es reflejo de un compromiso mutuo basado en la confianza, el esfuerzo y una visi\u00f3n clara de crecimiento.<\/p><p style=\"text-align: center;\" data-start=\"963\" data-end=\"1184\">M\u00e1s que ofrecer un servicio, <strong>mi misi\u00f3n es acompa\u00f1ar, orientar y ser un aliado estrat\u00e9gico en el camino hacia el \u00e9xito.<\/strong><\/p><p data-start=\"963\" data-end=\"1184\">\u00a0<\/p><p style=\"text-align: center;\" data-start=\"963\" data-end=\"1184\"><strong>\u00a1Porque cuando uno trabaja con el coraz\u00f3n y un prop\u00f3sito claro, los resultados llegan <em><span style=\"text-decoration: underline;\">SOLOS!<\/span><\/em><\/strong><\/p>\t\t\t\t\t\t\t\t<\/div>\n\t\t\t\t<\/div>\n\t\t\t\t\t<\/div>\n\t\t\t\t<\/div>\n\t\t<div class=\"elementor-element elementor-element-4b44908 e-flex e-con-boxed e-con e-parent\" data-id=\"4b44908\" data-element_type=\"container\" data-e-type=\"container\">\n\t\t\t\t\t<div class=\"e-con-inner\">\n\t\t\t\t<div class=\"elementor-element elementor-element-e549c6c elementor-widget elementor-widget-image\" data-id=\"e549c6c\" data-element_type=\"widget\" data-e-type=\"widget\" data-widget_type=\"image.default\">\n\t\t\t\t\t\t\t\t\t\t\t\t\t\t\t<img decoding=\"async\" width=\"800\" height=\"576\" src=\"https:\/\/saragahet.com\/wp-content\/uploads\/2025\/10\/WhatsApp-Image-2025-10-29-at-14.06.01-1-1024x737.jpeg\" class=\"attachment-large size-large wp-image-1226\" alt=\"\" srcset=\"https:\/\/saragahet.com\/wp-content\/uploads\/2025\/10\/WhatsApp-Image-2025-10-29-at-14.06.01-1-1024x737.jpeg 1024w, https:\/\/saragahet.com\/wp-content\/uploads\/2025\/10\/WhatsApp-Image-2025-10-29-at-14.06.01-1-300x216.jpeg 300w, https:\/\/saragahet.com\/wp-content\/uploads\/2025\/10\/WhatsApp-Image-2025-10-29-at-14.06.01-1-768x553.jpeg 768w, https:\/\/saragahet.com\/wp-content\/uploads\/2025\/10\/WhatsApp-Image-2025-10-29-at-14.06.01-1-18x12.jpeg 18w, https:\/\/saragahet.com\/wp-content\/uploads\/2025\/10\/WhatsApp-Image-2025-10-29-at-14.06.01-1.jpeg 1200w\" sizes=\"(max-width: 800px) 100vw, 800px\" \/>\t\t\t\t\t\t\t\t\t\t\t\t\t\t\t<\/div>\n\t\t\t\t<div class=\"elementor-element elementor-element-5a6d618 elementor-widget elementor-widget-image\" data-id=\"5a6d618\" data-element_type=\"widget\" data-e-type=\"widget\" data-widget_type=\"image.default\">\n\t\t\t\t\t\t\t\t\t\t\t\t\t\t\t<img decoding=\"async\" width=\"743\" height=\"1024\" src=\"https:\/\/saragahet.com\/wp-content\/uploads\/2025\/10\/WhatsApp-Image-2025-10-29-at-14.06.01-743x1024.jpeg\" class=\"attachment-large size-large wp-image-1227\" alt=\"\" srcset=\"https:\/\/saragahet.com\/wp-content\/uploads\/2025\/10\/WhatsApp-Image-2025-10-29-at-14.06.01-743x1024.jpeg 743w, https:\/\/saragahet.com\/wp-content\/uploads\/2025\/10\/WhatsApp-Image-2025-10-29-at-14.06.01-218x300.jpeg 218w, https:\/\/saragahet.com\/wp-content\/uploads\/2025\/10\/WhatsApp-Image-2025-10-29-at-14.06.01-768x1059.jpeg 768w, https:\/\/saragahet.com\/wp-content\/uploads\/2025\/10\/WhatsApp-Image-2025-10-29-at-14.06.01-9x12.jpeg 9w, https:\/\/saragahet.com\/wp-content\/uploads\/2025\/10\/WhatsApp-Image-2025-10-29-at-14.06.01.jpeg 1080w\" sizes=\"(max-width: 743px) 100vw, 743px\" \/>\t\t\t\t\t\t\t\t\t\t\t\t\t\t\t<\/div>\n\t\t\t\t\t<\/div>\n\t\t\t\t<\/div>\n\t\t<div class=\"elementor-element elementor-element-94c8972 e-flex e-con-boxed e-con e-parent\" data-id=\"94c8972\" data-element_type=\"container\" data-e-type=\"container\">\n\t\t\t\t\t<div class=\"e-con-inner\">\n\t\t\t\t<div class=\"elementor-element elementor-element-017d92e elementor-widget elementor-widget-text-editor\" data-id=\"017d92e\" data-element_type=\"widget\" data-e-type=\"widget\" data-widget_type=\"text-editor.default\">\n\t\t\t\t\t\t\t\t\t<h3>\ud83c\udf1f Comprometidos con la excelencia: Certificaci\u00f3n UNE 420001<\/h3><p>En DESPACHO PROFESIONAL SARA GAHET, creemos que la confianza se construye con hechos.<\/p><p>Por eso, nos enorgullece comunicar que contamos con la <strong>certificaci\u00f3n UNE 420001<\/strong>, una distinci\u00f3n que garantiza la calidad, la \u00e9tica y la transparencia en todos nuestros procesos.<\/p><p>La <strong>norma UNE 420001<\/strong> establece los requisitos que deben cumplir los despachos profesionales que buscan ofrecer un servicio integral, eficiente y con altos est\u00e1ndares de gesti\u00f3n. Esta certificaci\u00f3n reconoce a las organizaciones que aplican las mejores pr\u00e1cticas en su trabajo diario, asegurando a los clientes un servicio serio, responsable y orientado a resultados.<\/p><p>Gracias a esta certificaci\u00f3n:<\/p><ul><li><p>Implementamos <strong>protocolos de gesti\u00f3n y control interno<\/strong> que aseguran la m\u00e1xima calidad en cada proyecto.<\/p><\/li><li><p>Garantizamos <strong>transparencia y cumplimiento normativo<\/strong>, pilares fundamentales en nuestra relaci\u00f3n con los clientes.<\/p><\/li><li><p>Promovemos una <strong>mejora continua<\/strong>, revisando y optimizando nuestros procesos para ofrecer un servicio de excelencia.<\/p><\/li><li><p>Nos diferenciamos de otros despachos que a\u00fan no han alcanzado este nivel de reconocimiento y compromiso profesional.<\/p><\/li><\/ul><p>En resumen, la <strong>UNE 420001<\/strong> no solo certifica nuestro trabajo: <strong>confirma nuestro compromiso con la calidad, la confianza y la satisfacci\u00f3n de cada cliente.<\/strong><\/p>\t\t\t\t\t\t\t\t<\/div>\n\t\t\t\t\t<\/div>\n\t\t\t\t<\/div>\n\t\t\t\t<\/div>\n\t\t","protected":false},"excerpt":{"rendered":"<p>Sobre mi SARA GAHET Soy una persona comprometida con el bienestar de los dem\u00e1s y firmemente convencida de que el verdadero \u00e9xito se mide por el impacto positivo que generamos en la vida de quienes nos rodean. A lo largo de mi trayectoria, me he enfocado en brindar apoyo genuino a cada persona que conf\u00eda [&hellip;]<\/p>\n","protected":false},"author":1,"featured_media":0,"parent":0,"menu_order":0,"comment_status":"closed","ping_status":"closed","template":"elementor_canvas","meta":{"footnotes":""},"class_list":["post-1136","page","type-page","status-publish","hentry"],"yoast_head":"<!-- This site is optimized with the Yoast SEO plugin v27.4 - https:\/\/yoast.com\/product\/yoast-seo-wordpress\/ -->\n<title>Sobre mi - DESPACHO PROFESIONAL SARA GAHET<\/title>\n<meta name=\"robots\" content=\"index, follow, max-snippet:-1, max-image-preview:large, max-video-preview:-1\" \/>\n<link rel=\"canonical\" href=\"https:\/\/saragahet.com\/es\/sobre-mi\/\" \/>\n<meta property=\"og:locale\" content=\"es_ES\" \/>\n<meta property=\"og:type\" content=\"article\" \/>\n<meta property=\"og:title\" content=\"Sobre mi - DESPACHO PROFESIONAL SARA GAHET\" \/>\n<meta property=\"og:description\" content=\"Sobre mi SARA GAHET Soy una persona comprometida con el bienestar de los dem\u00e1s y firmemente convencida de que el verdadero \u00e9xito se mide por el impacto positivo que generamos en la vida de quienes nos rodean. A lo largo de mi trayectoria, me he enfocado en brindar apoyo genuino a cada persona que conf\u00eda [&hellip;]\" \/>\n<meta property=\"og:url\" content=\"https:\/\/saragahet.com\/es\/sobre-mi\/\" \/>\n<meta property=\"og:site_name\" content=\"DESPACHO PROFESIONAL SARA GAHET\" \/>\n<meta property=\"article:modified_time\" content=\"2025-10-29T13:12:10+00:00\" \/>\n<meta property=\"og:image\" content=\"https:\/\/saragahet.com\/wp-content\/uploads\/2025\/10\/FOTOS-PERSONA-FISICA-SARA-GAHET-9.jpg\" \/>\n\t<meta property=\"og:image:width\" content=\"1024\" \/>\n\t<meta property=\"og:image:height\" content=\"1024\" \/>\n\t<meta property=\"og:image:type\" content=\"image\/jpeg\" \/>\n<meta name=\"twitter:card\" content=\"summary_large_image\" \/>\n<meta name=\"twitter:label1\" content=\"Tiempo de lectura\" \/>\n\t<meta name=\"twitter:data1\" content=\"2 minutos\" \/>\n<script type=\"application\/ld+json\" class=\"yoast-schema-graph\">{\"@context\":\"https:\\\/\\\/schema.org\",\"@graph\":[{\"@type\":\"WebPage\",\"@id\":\"https:\\\/\\\/saragahet.com\\\/es\\\/sobre-mi\\\/\",\"url\":\"https:\\\/\\\/saragahet.com\\\/es\\\/sobre-mi\\\/\",\"name\":\"Sobre mi - DESPACHO PROFESIONAL SARA GAHET\",\"isPartOf\":{\"@id\":\"https:\\\/\\\/saragahet.com\\\/#website\"},\"primaryImageOfPage\":{\"@id\":\"https:\\\/\\\/saragahet.com\\\/es\\\/sobre-mi\\\/#primaryimage\"},\"image\":{\"@id\":\"https:\\\/\\\/saragahet.com\\\/es\\\/sobre-mi\\\/#primaryimage\"},\"thumbnailUrl\":\"https:\\\/\\\/saragahet.com\\\/wp-content\\\/uploads\\\/2025\\\/10\\\/FOTOS-PERSONA-FISICA-SARA-GAHET-9.jpg\",\"datePublished\":\"2025-09-23T07:25:00+00:00\",\"dateModified\":\"2025-10-29T13:12:10+00:00\",\"breadcrumb\":{\"@id\":\"https:\\\/\\\/saragahet.com\\\/es\\\/sobre-mi\\\/#breadcrumb\"},\"inLanguage\":\"es\",\"potentialAction\":[{\"@type\":\"ReadAction\",\"target\":[\"https:\\\/\\\/saragahet.com\\\/es\\\/sobre-mi\\\/\"]}]},{\"@type\":\"ImageObject\",\"inLanguage\":\"es\",\"@id\":\"https:\\\/\\\/saragahet.com\\\/es\\\/sobre-mi\\\/#primaryimage\",\"url\":\"https:\\\/\\\/saragahet.com\\\/wp-content\\\/uploads\\\/2025\\\/10\\\/FOTOS-PERSONA-FISICA-SARA-GAHET-9.jpg\",\"contentUrl\":\"https:\\\/\\\/saragahet.com\\\/wp-content\\\/uploads\\\/2025\\\/10\\\/FOTOS-PERSONA-FISICA-SARA-GAHET-9.jpg\"},{\"@type\":\"BreadcrumbList\",\"@id\":\"https:\\\/\\\/saragahet.com\\\/es\\\/sobre-mi\\\/#breadcrumb\",\"itemListElement\":[{\"@type\":\"ListItem\",\"position\":1,\"name\":\"Portada\",\"item\":\"https:\\\/\\\/saragahet.com\\\/\"},{\"@type\":\"ListItem\",\"position\":2,\"name\":\"Sobre mi\"}]},{\"@type\":\"WebSite\",\"@id\":\"https:\\\/\\\/saragahet.com\\\/#website\",\"url\":\"https:\\\/\\\/saragahet.com\\\/\",\"name\":\"DESPACHO PROFESIONAL SARA GAHET\",\"description\":\"\",\"publisher\":{\"@id\":\"https:\\\/\\\/saragahet.com\\\/#organization\"},\"potentialAction\":[{\"@type\":\"SearchAction\",\"target\":{\"@type\":\"EntryPoint\",\"urlTemplate\":\"https:\\\/\\\/saragahet.com\\\/?s={search_term_string}\"},\"query-input\":{\"@type\":\"PropertyValueSpecification\",\"valueRequired\":true,\"valueName\":\"search_term_string\"}}],\"inLanguage\":\"es\"},{\"@type\":\"Organization\",\"@id\":\"https:\\\/\\\/saragahet.com\\\/#organization\",\"name\":\"DESPACHO PROFESIONAL SARA GAHET\",\"url\":\"https:\\\/\\\/saragahet.com\\\/\",\"logo\":{\"@type\":\"ImageObject\",\"inLanguage\":\"es\",\"@id\":\"https:\\\/\\\/saragahet.com\\\/#\\\/schema\\\/logo\\\/image\\\/\",\"url\":\"https:\\\/\\\/saragahet.com\\\/wp-content\\\/uploads\\\/2025\\\/09\\\/cropped-1-1.png\",\"contentUrl\":\"https:\\\/\\\/saragahet.com\\\/wp-content\\\/uploads\\\/2025\\\/09\\\/cropped-1-1.png\",\"width\":500,\"height\":274,\"caption\":\"DESPACHO PROFESIONAL SARA GAHET\"},\"image\":{\"@id\":\"https:\\\/\\\/saragahet.com\\\/#\\\/schema\\\/logo\\\/image\\\/\"}}]}<\/script>\n<!-- \/ Yoast SEO plugin. -->","yoast_head_json":{"title":"Sobre mi - DESPACHO PROFESIONAL SARA GAHET","robots":{"index":"index","follow":"follow","max-snippet":"max-snippet:-1","max-image-preview":"max-image-preview:large","max-video-preview":"max-video-preview:-1"},"canonical":"https:\/\/saragahet.com\/es\/sobre-mi\/","og_locale":"es_ES","og_type":"article","og_title":"Sobre mi - DESPACHO PROFESIONAL SARA GAHET","og_description":"Sobre mi SARA GAHET Soy una persona comprometida con el bienestar de los dem\u00e1s y firmemente convencida de que el verdadero \u00e9xito se mide por el impacto positivo que generamos en la vida de quienes nos rodean. A lo largo de mi trayectoria, me he enfocado en brindar apoyo genuino a cada persona que conf\u00eda [&hellip;]","og_url":"https:\/\/saragahet.com\/es\/sobre-mi\/","og_site_name":"DESPACHO PROFESIONAL SARA GAHET","article_modified_time":"2025-10-29T13:12:10+00:00","og_image":[{"width":1024,"height":1024,"url":"https:\/\/saragahet.com\/wp-content\/uploads\/2025\/10\/FOTOS-PERSONA-FISICA-SARA-GAHET-9.jpg","type":"image\/jpeg"}],"twitter_card":"summary_large_image","twitter_misc":{"Tiempo de lectura":"2 minutos"},"schema":{"@context":"https:\/\/schema.org","@graph":[{"@type":"WebPage","@id":"https:\/\/saragahet.com\/es\/sobre-mi\/","url":"https:\/\/saragahet.com\/es\/sobre-mi\/","name":"Sobre mi - DESPACHO PROFESIONAL SARA GAHET","isPartOf":{"@id":"https:\/\/saragahet.com\/#website"},"primaryImageOfPage":{"@id":"https:\/\/saragahet.com\/es\/sobre-mi\/#primaryimage"},"image":{"@id":"https:\/\/saragahet.com\/es\/sobre-mi\/#primaryimage"},"thumbnailUrl":"https:\/\/saragahet.com\/wp-content\/uploads\/2025\/10\/FOTOS-PERSONA-FISICA-SARA-GAHET-9.jpg","datePublished":"2025-09-23T07:25:00+00:00","dateModified":"2025-10-29T13:12:10+00:00","breadcrumb":{"@id":"https:\/\/saragahet.com\/es\/sobre-mi\/#breadcrumb"},"inLanguage":"es","potentialAction":[{"@type":"ReadAction","target":["https:\/\/saragahet.com\/es\/sobre-mi\/"]}]},{"@type":"ImageObject","inLanguage":"es","@id":"https:\/\/saragahet.com\/es\/sobre-mi\/#primaryimage","url":"https:\/\/saragahet.com\/wp-content\/uploads\/2025\/10\/FOTOS-PERSONA-FISICA-SARA-GAHET-9.jpg","contentUrl":"https:\/\/saragahet.com\/wp-content\/uploads\/2025\/10\/FOTOS-PERSONA-FISICA-SARA-GAHET-9.jpg"},{"@type":"BreadcrumbList","@id":"https:\/\/saragahet.com\/es\/sobre-mi\/#breadcrumb","itemListElement":[{"@type":"ListItem","position":1,"name":"Portada","item":"https:\/\/saragahet.com\/"},{"@type":"ListItem","position":2,"name":"Sobre mi"}]},{"@type":"WebSite","@id":"https:\/\/saragahet.com\/#website","url":"https:\/\/saragahet.com\/","name":"DESPACHO PROFESIONAL SARA GAHET","description":"","publisher":{"@id":"https:\/\/saragahet.com\/#organization"},"potentialAction":[{"@type":"SearchAction","target":{"@type":"EntryPoint","urlTemplate":"https:\/\/saragahet.com\/?s={search_term_string}"},"query-input":{"@type":"PropertyValueSpecification","valueRequired":true,"valueName":"search_term_string"}}],"inLanguage":"es"},{"@type":"Organization","@id":"https:\/\/saragahet.com\/#organization","name":"DESPACHO PROFESIONAL SARA GAHET","url":"https:\/\/saragahet.com\/","logo":{"@type":"ImageObject","inLanguage":"es","@id":"https:\/\/saragahet.com\/#\/schema\/logo\/image\/","url":"https:\/\/saragahet.com\/wp-content\/uploads\/2025\/09\/cropped-1-1.png","contentUrl":"https:\/\/saragahet.com\/wp-content\/uploads\/2025\/09\/cropped-1-1.png","width":500,"height":274,"caption":"DESPACHO PROFESIONAL SARA GAHET"},"image":{"@id":"https:\/\/saragahet.com\/#\/schema\/logo\/image\/"}}]}},"_links":{"self":[{"href":"https:\/\/saragahet.com\/es\/wp-json\/wp\/v2\/pages\/1136","targetHints":{"allow":["GET"]}}],"collection":[{"href":"https:\/\/saragahet.com\/es\/wp-json\/wp\/v2\/pages"}],"about":[{"href":"https:\/\/saragahet.com\/es\/wp-json\/wp\/v2\/types\/page"}],"author":[{"embeddable":true,"href":"https:\/\/saragahet.com\/es\/wp-json\/wp\/v2\/users\/1"}],"replies":[{"embeddable":true,"href":"https:\/\/saragahet.com\/es\/wp-json\/wp\/v2\/comments?post=1136"}],"version-history":[{"count":16,"href":"https:\/\/saragahet.com\/es\/wp-json\/wp\/v2\/pages\/1136\/revisions"}],"predecessor-version":[{"id":1230,"href":"https:\/\/saragahet.com\/es\/wp-json\/wp\/v2\/pages\/1136\/revisions\/1230"}],"wp:attachment":[{"href":"https:\/\/saragahet.com\/es\/wp-json\/wp\/v2\/media?parent=1136"}],"curies":[{"name":"wp","href":"https:\/\/api.w.org\/{rel}","templated":true}]}}